
{"id":2662,"date":"2021-11-02T11:03:29","date_gmt":"2021-11-02T11:03:29","guid":{"rendered":"http:\/\/www.ozkayalaravm.com\/?page_id=2662"},"modified":"2021-11-02T11:05:17","modified_gmt":"2021-11-02T11:05:17","slug":"urunler-2","status":"publish","type":"page","link":"http:\/\/www.ozkayalaravm.com\/?page_id=2662","title":{"rendered":"\u00dcR\u00dcNLER"},"content":{"rendered":"\n<ul class=\"has-luminous-vivid-amber-background-color has-background\"><li><strong>\u00c7ay Kahve Tak\u0131m\u0131, Kupa ve Bardak.<\/strong><\/li><li><strong>Mutfak Saklama \u00c7\u00f6z\u00fcmleri.<\/strong><\/li><li><strong>S\u00fcrahi ve \u015ei\u015fe.<\/strong><\/li><li><strong>Mutfak Gere\u00e7leri.<\/strong><\/li><li><strong>Tepsi ve Tabak.<\/strong><\/li><li><strong>Masa D\u00fczenleme Malzemeleri.<\/strong><\/li><li><strong>M\u00fccevher Ask\u0131lar\u0131 ve Ask\u0131lar.<\/strong><\/li><li><strong>Ev ve Banyo Tekstili.<\/strong><\/li><\/ul>\n\n\n\n<figure class=\"wp-block-image size-large\"><img loading=\"lazy\" width=\"1024\" height=\"410\" src=\"http:\/\/www.ozkayalaravm.com\/wp-content\/uploads\/2021\/11\/1-1024x410.jpg\" alt=\"\" class=\"wp-image-2628\" srcset=\"http:\/\/www.ozkayalaravm.com\/wp-content\/uploads\/2021\/11\/1-1024x410.jpg 1024w, http:\/\/www.ozkayalaravm.com\/wp-content\/uploads\/2021\/11\/1-300x120.jpg 300w, http:\/\/www.ozkayalaravm.com\/wp-content\/uploads\/2021\/11\/1-768x307.jpg 768w, http:\/\/www.ozkayalaravm.com\/wp-content\/uploads\/2021\/11\/1.jpg 1500w\" sizes=\"(max-width: 1024px) 100vw, 1024px\" \/><\/figure>\n\n\n\n<figure class=\"wp-block-image size-full\"><img loading=\"lazy\" width=\"1024\" height=\"1024\" src=\"http:\/\/www.ozkayalaravm.com\/wp-content\/uploads\/2021\/11\/6.jpeg\" alt=\"\" class=\"wp-image-2655\" srcset=\"http:\/\/www.ozkayalaravm.com\/wp-content\/uploads\/2021\/11\/6.jpeg 1024w, http:\/\/www.ozkayalaravm.com\/wp-content\/uploads\/2021\/11\/6-300x300.jpeg 300w, http:\/\/www.ozkayalaravm.com\/wp-content\/uploads\/2021\/11\/6-150x150.jpeg 150w, http:\/\/www.ozkayalaravm.com\/wp-content\/uploads\/2021\/11\/6-768x768.jpeg 768w\" sizes=\"(max-width: 1024px) 100vw, 1024px\" \/><\/figure>\n\n\n\n<figure class=\"wp-block-image size-full\"><img loading=\"lazy\" width=\"768\" height=\"1024\" src=\"http:\/\/www.ozkayalaravm.com\/wp-content\/uploads\/2021\/11\/8.jpeg\" alt=\"\" class=\"wp-image-2650\" srcset=\"http:\/\/www.ozkayalaravm.com\/wp-content\/uploads\/2021\/11\/8.jpeg 768w, http:\/\/www.ozkayalaravm.com\/wp-content\/uploads\/2021\/11\/8-225x300.jpeg 225w\" sizes=\"(max-width: 768px) 100vw, 768px\" \/><\/figure>\n\n\n\n<figure class=\"wp-block-image size-full\"><img loading=\"lazy\" width=\"960\" height=\"540\" src=\"http:\/\/www.ozkayalaravm.com\/wp-content\/uploads\/2021\/11\/10.jpeg\" alt=\"\" class=\"wp-image-2651\" srcset=\"http:\/\/www.ozkayalaravm.com\/wp-content\/uploads\/2021\/11\/10.jpeg 960w, http:\/\/www.ozkayalaravm.com\/wp-content\/uploads\/2021\/11\/10-300x169.jpeg 300w, http:\/\/www.ozkayalaravm.com\/wp-content\/uploads\/2021\/11\/10-768x432.jpeg 768w\" sizes=\"(max-width: 960px) 100vw, 960px\" \/><\/figure>\n","protected":false},"excerpt":{"rendered":"<p>\u00c7ay Kahve Tak\u0131m\u0131, Kupa ve Bardak. Mutfak Saklama \u00c7\u00f6z\u00fcmleri. S\u00fcrahi ve \u015ei\u015fe. Mutfak Gere\u00e7leri. Tepsi ve Tabak. Masa D\u00fczenleme Malzemeleri. M\u00fccevher Ask\u0131lar\u0131 ve Ask\u0131lar. Ev ve Banyo Tekstili.<\/p>\n","protected":false},"author":1,"featured_media":0,"parent":0,"menu_order":0,"comment_status":"closed","ping_status":"closed","template":"","meta":{"_monsterinsights_skip_tracking":false,"_monsterinsights_sitenote_active":false,"_monsterinsights_sitenote_note":"","_monsterinsights_sitenote_category":0},"aioseo_notices":[],"_links":{"self":[{"href":"http:\/\/www.ozkayalaravm.com\/index.php?rest_route=\/wp\/v2\/pages\/2662"}],"collection":[{"href":"http:\/\/www.ozkayalaravm.com\/index.php?rest_route=\/wp\/v2\/pages"}],"about":[{"href":"http:\/\/www.ozkayalaravm.com\/index.php?rest_route=\/wp\/v2\/types\/page"}],"author":[{"embeddable":true,"href":"http:\/\/www.ozkayalaravm.com\/index.php?rest_route=\/wp\/v2\/users\/1"}],"replies":[{"embeddable":true,"href":"http:\/\/www.ozkayalaravm.com\/index.php?rest_route=%2Fwp%2Fv2%2Fcomments&post=2662"}],"version-history":[{"count":2,"href":"http:\/\/www.ozkayalaravm.com\/index.php?rest_route=\/wp\/v2\/pages\/2662\/revisions"}],"predecessor-version":[{"id":2668,"href":"http:\/\/www.ozkayalaravm.com\/index.php?rest_route=\/wp\/v2\/pages\/2662\/revisions\/2668"}],"wp:attachment":[{"href":"http:\/\/www.ozkayalaravm.com\/index.php?rest_route=%2Fwp%2Fv2%2Fmedia&parent=2662"}],"curies":[{"name":"wp","href":"https:\/\/api.w.org\/{rel}","templated":true}]}}