
{"id":2615,"date":"2021-11-02T09:39:02","date_gmt":"2021-11-02T09:39:02","guid":{"rendered":"http:\/\/www.ozkayalaravm.com\/?page_id=2615"},"modified":"2021-11-02T13:47:20","modified_gmt":"2021-11-02T13:47:20","slug":"iletilim","status":"publish","type":"page","link":"http:\/\/www.ozkayalaravm.com\/?page_id=2615","title":{"rendered":"\u0130LET\u0130\u015e\u0130M"},"content":{"rendered":"\n<p class=\"has-luminous-vivid-amber-color has-black-background-color has-text-color has-background\"><strong>Hizmet se\u00e7enekleri:&nbsp;<\/strong>Ma\u011faza i\u00e7inde al\u0131\u015fveri\u015f <\/p>\n\n\n\n<p>Adres:\u00a0Sar\u0131g\u00f6l, Ordu Cd. No:19\/A, 34245 Gaziosmanpa\u015fa\/\u0130stanbul<\/p>\n\n\n\n<p><\/p>\n\n\n\n<p>Telefon:\u00a00533 744 44 42<\/p>\n\n\n\n<figure class=\"wp-block-image size-large\"><img loading=\"lazy\" width=\"1024\" height=\"410\" src=\"http:\/\/www.ozkayalaravm.com\/wp-content\/uploads\/2021\/11\/1-1-1024x410.jpg\" alt=\"\" class=\"wp-image-2645\" srcset=\"http:\/\/www.ozkayalaravm.com\/wp-content\/uploads\/2021\/11\/1-1-1024x410.jpg 1024w, http:\/\/www.ozkayalaravm.com\/wp-content\/uploads\/2021\/11\/1-1-300x120.jpg 300w, http:\/\/www.ozkayalaravm.com\/wp-content\/uploads\/2021\/11\/1-1-768x307.jpg 768w, http:\/\/www.ozkayalaravm.com\/wp-content\/uploads\/2021\/11\/1-1.jpg 1500w\" sizes=\"(max-width: 1024px) 100vw, 1024px\" \/><\/figure>\n\n\n\n<iframe src=\"https:\/\/www.google.com\/maps\/embed?pb=!1m14!1m8!1m3!1d12033.931971396156!2d28.9154741!3d41.0584339!3m2!1i1024!2i768!4f13.1!3m3!1m2!1s0x0%3A0xf17688e77a79be72!2zw5ZaS0FZQUxBUiBBVk0gR0FaxLBPU01BTlBBxZ5B!5e0!3m2!1str!2str!4v1635850901387!5m2!1str!2str\" width=\"100%\" height=\"450\" style=\"border:0;\" allowfullscreen=\"\" loading=\"lazy\"><\/iframe>\n\n\n\n<p><\/p>\n\n\n\n<p><\/p>\n\n\n\n<ul class=\"wp-block-social-links\"><\/ul>\n\n\n\n<p><\/p>\n","protected":false},"excerpt":{"rendered":"<p>Hizmet se\u00e7enekleri:&nbsp;Ma\u011faza i\u00e7inde al\u0131\u015fveri\u015f Adres:\u00a0Sar\u0131g\u00f6l, Ordu Cd. No:19\/A, 34245 Gaziosmanpa\u015fa\/\u0130stanbul Telefon:\u00a00533 744 44 42<\/p>\n","protected":false},"author":1,"featured_media":0,"parent":0,"menu_order":0,"comment_status":"closed","ping_status":"closed","template":"","meta":{"_monsterinsights_skip_tracking":false,"_monsterinsights_sitenote_active":false,"_monsterinsights_sitenote_note":"","_monsterinsights_sitenote_category":0},"aioseo_notices":[],"_links":{"self":[{"href":"http:\/\/www.ozkayalaravm.com\/index.php?rest_route=\/wp\/v2\/pages\/2615"}],"collection":[{"href":"http:\/\/www.ozkayalaravm.com\/index.php?rest_route=\/wp\/v2\/pages"}],"about":[{"href":"http:\/\/www.ozkayalaravm.com\/index.php?rest_route=\/wp\/v2\/types\/page"}],"author":[{"embeddable":true,"href":"http:\/\/www.ozkayalaravm.com\/index.php?rest_route=\/wp\/v2\/users\/1"}],"replies":[{"embeddable":true,"href":"http:\/\/www.ozkayalaravm.com\/index.php?rest_route=%2Fwp%2Fv2%2Fcomments&post=2615"}],"version-history":[{"count":15,"href":"http:\/\/www.ozkayalaravm.com\/index.php?rest_route=\/wp\/v2\/pages\/2615\/revisions"}],"predecessor-version":[{"id":2672,"href":"http:\/\/www.ozkayalaravm.com\/index.php?rest_route=\/wp\/v2\/pages\/2615\/revisions\/2672"}],"wp:attachment":[{"href":"http:\/\/www.ozkayalaravm.com\/index.php?rest_route=%2Fwp%2Fv2%2Fmedia&parent=2615"}],"curies":[{"name":"wp","href":"https:\/\/api.w.org\/{rel}","templated":true}]}}