
{"id":2607,"date":"2021-11-02T09:37:03","date_gmt":"2021-11-02T09:37:03","guid":{"rendered":"http:\/\/www.ozkayalaravm.com\/?page_id=2607"},"modified":"2021-11-03T06:59:00","modified_gmt":"2021-11-03T06:59:00","slug":"hakkimizda","status":"publish","type":"page","link":"http:\/\/www.ozkayalaravm.com\/?page_id=2607","title":{"rendered":"HAKKIMIZDA"},"content":{"rendered":"\n<h2>Hakk\u0131m\u0131zda<\/h2>\n\n\n\n<p>\u00a0 \u00d6ZKAYALAR AVM 2005  y\u0131l\u0131ndan beri perakende sat\u0131\u015f sekt\u00f6r\u00fcnde faaliyet g\u00f6stermektedir. Kaliteli ve g\u00fcvenilir hizmetlerin merkezi olan \u00d6ZKAYALAR AVM hizmetinizde.<\/p>\n\n\n\n<ul><li><strong>\u00c7ay Kahve Tak\u0131m\u0131, Kupa ve Bardak.<\/strong><\/li><li><strong>Mutfak Saklama \u00c7\u00f6z\u00fcmleri.<\/strong><\/li><li><strong>S\u00fcrahi ve \u015ei\u015fe.<\/strong><\/li><li><strong>Mutfak Gere\u00e7leri.<\/strong><\/li><li><strong>Tepsi ve Tabak.<\/strong><\/li><li><strong>Masa D\u00fczenleme Malzemeleri.<\/strong><\/li><li><strong>M\u00fccevher Ask\u0131lar\u0131 ve Ask\u0131lar.<\/strong><\/li><li><strong>Ev ve Banyo Tekstili.<\/strong><\/li><\/ul>\n\n\n\n<figure class=\"wp-block-image size-large\"><img loading=\"lazy\" width=\"1024\" height=\"410\" src=\"http:\/\/www.ozkayalaravm.com\/wp-content\/uploads\/2021\/11\/1-1-1024x410.jpg\" alt=\"\" class=\"wp-image-2645\" srcset=\"http:\/\/www.ozkayalaravm.com\/wp-content\/uploads\/2021\/11\/1-1-1024x410.jpg 1024w, http:\/\/www.ozkayalaravm.com\/wp-content\/uploads\/2021\/11\/1-1-300x120.jpg 300w, http:\/\/www.ozkayalaravm.com\/wp-content\/uploads\/2021\/11\/1-1-768x307.jpg 768w, http:\/\/www.ozkayalaravm.com\/wp-content\/uploads\/2021\/11\/1-1.jpg 1500w\" sizes=\"(max-width: 1024px) 100vw, 1024px\" \/><\/figure>\n\n\n\n<p>&nbsp;&nbsp;&nbsp;&nbsp;<\/p>\n\n\n\n<p><\/p>\n","protected":false},"excerpt":{"rendered":"<p>Hakk\u0131m\u0131zda \u00a0 \u00d6ZKAYALAR AVM 2005 y\u0131l\u0131ndan beri perakende sat\u0131\u015f sekt\u00f6r\u00fcnde faaliyet g\u00f6stermektedir. Kaliteli ve g\u00fcvenilir hizmetlerin merkezi olan \u00d6ZKAYALAR AVM hizmetinizde. \u00c7ay Kahve Tak\u0131m\u0131, Kupa ve Bardak. Mutfak Saklama \u00c7\u00f6z\u00fcmleri. S\u00fcrahi ve \u015ei\u015fe. Mutfak Gere\u00e7leri. Tepsi ve Tabak. Masa D\u00fczenleme Malzemeleri. M\u00fccevher Ask\u0131lar\u0131 ve Ask\u0131lar. Ev ve Banyo Tekstili. &nbsp;&nbsp;&nbsp;&nbsp;<\/p>\n","protected":false},"author":1,"featured_media":0,"parent":0,"menu_order":0,"comment_status":"closed","ping_status":"closed","template":"","meta":{"_monsterinsights_skip_tracking":false,"_monsterinsights_sitenote_active":false,"_monsterinsights_sitenote_note":"","_monsterinsights_sitenote_category":0},"aioseo_notices":[],"_links":{"self":[{"href":"http:\/\/www.ozkayalaravm.com\/index.php?rest_route=\/wp\/v2\/pages\/2607"}],"collection":[{"href":"http:\/\/www.ozkayalaravm.com\/index.php?rest_route=\/wp\/v2\/pages"}],"about":[{"href":"http:\/\/www.ozkayalaravm.com\/index.php?rest_route=\/wp\/v2\/types\/page"}],"author":[{"embeddable":true,"href":"http:\/\/www.ozkayalaravm.com\/index.php?rest_route=\/wp\/v2\/users\/1"}],"replies":[{"embeddable":true,"href":"http:\/\/www.ozkayalaravm.com\/index.php?rest_route=%2Fwp%2Fv2%2Fcomments&post=2607"}],"version-history":[{"count":5,"href":"http:\/\/www.ozkayalaravm.com\/index.php?rest_route=\/wp\/v2\/pages\/2607\/revisions"}],"predecessor-version":[{"id":2674,"href":"http:\/\/www.ozkayalaravm.com\/index.php?rest_route=\/wp\/v2\/pages\/2607\/revisions\/2674"}],"wp:attachment":[{"href":"http:\/\/www.ozkayalaravm.com\/index.php?rest_route=%2Fwp%2Fv2%2Fmedia&parent=2607"}],"curies":[{"name":"wp","href":"https:\/\/api.w.org\/{rel}","templated":true}]}}